{"id":1903,"date":"2018-05-28T08:46:16","date_gmt":"2018-05-28T08:46:16","guid":{"rendered":"https:\/\/stalcologistics.com\/?page_id=1903"},"modified":"2018-06-21T10:28:16","modified_gmt":"2018-06-21T10:28:16","slug":"unsere-vorteile","status":"publish","type":"page","link":"https:\/\/stalcologistics.com\/index.php\/unsere-vorteile\/","title":{"rendered":"Unsere Vorteile"},"content":{"rendered":"\t\t<div data-elementor-type=\"wp-post\" data-elementor-id=\"1903\" class=\"elementor elementor-1903 elementor-bc-flex-widget\">\n\t\t\t\t\t\t<section class=\"elementor-section elementor-top-section elementor-element elementor-element-5b931047 elementor-section-boxed elementor-section-height-default elementor-section-height-default\" data-id=\"5b931047\" data-element_type=\"section\" data-e-type=\"section\">\n\t\t\t\t\t\t<div class=\"elementor-container elementor-column-gap-extended\">\n\t\t\t\t\t<div class=\"elementor-column elementor-col-100 elementor-top-column elementor-element elementor-element-303cd3c9 sc_layouts_column_icons_position_left\" data-id=\"303cd3c9\" data-element_type=\"column\" data-e-type=\"column\">\n\t\t\t<div class=\"elementor-widget-wrap elementor-element-populated\">\n\t\t\t\t\t\t<div class=\"elementor-element elementor-element-7cad419 elementor-widget elementor-widget-spacer\" data-id=\"7cad419\" data-element_type=\"widget\" data-e-type=\"widget\" data-widget_type=\"spacer.default\">\n\t\t\t\t<div class=\"elementor-widget-container\">\n\t\t\t\t\t\t\t<div class=\"elementor-spacer\">\n\t\t\t<div class=\"elementor-spacer-inner\"><\/div>\n\t\t<\/div>\n\t\t\t\t\t\t<\/div>\n\t\t\t\t<\/div>\n\t\t\t\t\t<\/div>\n\t\t<\/div>\n\t\t\t\t\t<\/div>\n\t\t<\/section>\n\t\t\t\t<section class=\"elementor-section elementor-top-section elementor-element elementor-element-3208349a elementor-section-content-bottom elementor-section-boxed elementor-section-height-default elementor-section-height-default\" data-id=\"3208349a\" data-element_type=\"section\" data-e-type=\"section\">\n\t\t\t\t\t\t<div class=\"elementor-container elementor-column-gap-no\">\n\t\t\t\t\t<div class=\"elementor-column elementor-col-50 elementor-top-column elementor-element elementor-element-6dfbfe31 sc_layouts_column_icons_position_left\" data-id=\"6dfbfe31\" data-element_type=\"column\" data-e-type=\"column\">\n\t\t\t<div class=\"elementor-widget-wrap elementor-element-populated\">\n\t\t\t\t\t\t<div class=\"elementor-element elementor-element-16f5a862 elementor-widget elementor-widget-trx_sc_title\" data-id=\"16f5a862\" data-element_type=\"widget\" data-e-type=\"widget\" data-widget_type=\"trx_sc_title.default\">\n\t\t\t\t<div class=\"elementor-widget-container\">\n\t\t\t\t\t<div id=\"trx_sc_title_1275391432\"\n\t\tclass=\"sc_title color_style_default sc_title_default with_border\">\n<div class=\"sc_title_container  sc_align_none title_style_default with_border\">\n<h6 class=\"sc_item_subtitle sc_title_subtitle sc_align_none sc_item_title_style_default with_border\">Welcome <\/h6><h2 class=\"sc_item_title sc_title_title sc_align_none sc_item_title_style_default with_border\">to the Best Company<\/h2><\/div>\n\n<\/div><!-- \/.sc_title -->\t\t\t\t<\/div>\n\t\t\t\t<\/div>\n\t\t\t\t<div class=\"elementor-element elementor-element-5da571fe elementor-widget elementor-widget-spacer\" data-id=\"5da571fe\" data-element_type=\"widget\" data-e-type=\"widget\" data-widget_type=\"spacer.default\">\n\t\t\t\t<div class=\"elementor-widget-container\">\n\t\t\t\t\t\t\t<div class=\"elementor-spacer\">\n\t\t\t<div class=\"elementor-spacer-inner\"><\/div>\n\t\t<\/div>\n\t\t\t\t\t\t<\/div>\n\t\t\t\t<\/div>\n\t\t\t\t<div class=\"elementor-element elementor-element-4d530170 elementor-widget elementor-widget-text-editor\" data-id=\"4d530170\" data-element_type=\"widget\" data-e-type=\"widget\" data-widget_type=\"text-editor.default\">\n\t\t\t\t<div class=\"elementor-widget-container\">\n\t\t\t\t\t\t\t\t\t<p>Freight transport is the physical process of transporting commodities and merchandise goods and cargo. The term shipping originally referred to transport by sea, but is extended in English to refer to transport by land or air.<\/p><p>&#8220;Logistics&#8221;, a term borrowed from the military environment, is also fashionably used in the same sense. In air and sea shipments, ground transport is required to take the cargo from its place of origin.<\/p>\t\t\t\t\t\t\t\t<\/div>\n\t\t\t\t<\/div>\n\t\t\t\t\t<\/div>\n\t\t<\/div>\n\t\t\t\t<div class=\"elementor-column elementor-col-50 elementor-top-column elementor-element elementor-element-189d9ab1 sc_layouts_column_icons_position_left\" data-id=\"189d9ab1\" data-element_type=\"column\" data-e-type=\"column\">\n\t\t\t<div class=\"elementor-widget-wrap elementor-element-populated\">\n\t\t\t\t\t\t<div class=\"elementor-element elementor-element-714a8a9e elementor-widget elementor-widget-image\" data-id=\"714a8a9e\" data-element_type=\"widget\" data-e-type=\"widget\" data-widget_type=\"image.default\">\n\t\t\t\t<div class=\"elementor-widget-container\">\n\t\t\t\t\t\t\t\t\t\t\t\t\t\t\t<img fetchpriority=\"high\" decoding=\"async\" width=\"560\" height=\"316\" src=\"https:\/\/stalcologistics.com\/wp-content\/uploads\/2018\/03\/img6-copyright.jpg\" class=\"attachment-full size-full wp-image-324\" alt=\"\" srcset=\"https:\/\/stalcologistics.com\/wp-content\/uploads\/2018\/03\/img6-copyright.jpg 560w, https:\/\/stalcologistics.com\/wp-content\/uploads\/2018\/03\/img6-copyright-300x169.jpg 300w, https:\/\/stalcologistics.com\/wp-content\/uploads\/2018\/03\/img6-copyright-370x209.jpg 370w, https:\/\/stalcologistics.com\/wp-content\/uploads\/2018\/03\/img6-copyright-360x202.jpg 360w, https:\/\/stalcologistics.com\/wp-content\/uploads\/2018\/03\/img6-copyright-270x152.jpg 270w\" sizes=\"(max-width: 560px) 100vw, 560px\" \/>\t\t\t\t\t\t\t\t\t\t\t\t\t\t\t<\/div>\n\t\t\t\t<\/div>\n\t\t\t\t<div class=\"elementor-element elementor-element-29c18636 elementor-widget elementor-widget-spacer\" data-id=\"29c18636\" data-element_type=\"widget\" data-e-type=\"widget\" data-widget_type=\"spacer.default\">\n\t\t\t\t<div class=\"elementor-widget-container\">\n\t\t\t\t\t\t\t<div class=\"elementor-spacer\">\n\t\t\t<div class=\"elementor-spacer-inner\"><\/div>\n\t\t<\/div>\n\t\t\t\t\t\t<\/div>\n\t\t\t\t<\/div>\n\t\t\t\t\t<\/div>\n\t\t<\/div>\n\t\t\t\t\t<\/div>\n\t\t<\/section>\n\t\t\t\t<section class=\"elementor-section elementor-top-section elementor-element elementor-element-202e0578 elementor-section-boxed elementor-section-height-default elementor-section-height-default\" data-id=\"202e0578\" data-element_type=\"section\" data-e-type=\"section\">\n\t\t\t\t\t\t<div class=\"elementor-container elementor-column-gap-extended\">\n\t\t\t\t\t<div class=\"elementor-column elementor-col-100 elementor-top-column elementor-element elementor-element-79269828 sc_layouts_column_icons_position_left\" data-id=\"79269828\" data-element_type=\"column\" data-e-type=\"column\">\n\t\t\t<div class=\"elementor-widget-wrap elementor-element-populated\">\n\t\t\t\t\t\t<div class=\"elementor-element elementor-element-1fabb982 elementor-widget elementor-widget-spacer\" data-id=\"1fabb982\" data-element_type=\"widget\" data-e-type=\"widget\" data-widget_type=\"spacer.default\">\n\t\t\t\t<div class=\"elementor-widget-container\">\n\t\t\t\t\t\t\t<div class=\"elementor-spacer\">\n\t\t\t<div class=\"elementor-spacer-inner\"><\/div>\n\t\t<\/div>\n\t\t\t\t\t\t<\/div>\n\t\t\t\t<\/div>\n\t\t\t\t\t<\/div>\n\t\t<\/div>\n\t\t\t\t\t<\/div>\n\t\t<\/section>\n\t\t\t\t<section class=\"elementor-section elementor-top-section elementor-element elementor-element-2d48b43c elementor-section-stretched elementor-section-content-middle sc_bg_mask_8 scheme_dark elementor-section-boxed elementor-section-height-default elementor-section-height-default\" data-id=\"2d48b43c\" data-element_type=\"section\" data-e-type=\"section\" data-settings=\"{&quot;stretch_section&quot;:&quot;section-stretched&quot;,&quot;background_background&quot;:&quot;classic&quot;}\">\n\t\t\t\t\t\t<div class=\"elementor-container elementor-column-gap-extended\">\n\t\t\t\t\t<div class=\"elementor-column elementor-col-100 elementor-top-column elementor-element elementor-element-1d9cb5b5 sc_layouts_column_icons_position_left\" data-id=\"1d9cb5b5\" data-element_type=\"column\" data-e-type=\"column\">\n\t\t\t<div class=\"elementor-widget-wrap elementor-element-populated\">\n\t\t\t\t\t\t<div class=\"elementor-element elementor-element-49b8a8e1 elementor-widget elementor-widget-spacer\" data-id=\"49b8a8e1\" data-element_type=\"widget\" data-e-type=\"widget\" data-widget_type=\"spacer.default\">\n\t\t\t\t<div class=\"elementor-widget-container\">\n\t\t\t\t\t\t\t<div class=\"elementor-spacer\">\n\t\t\t<div class=\"elementor-spacer-inner\"><\/div>\n\t\t<\/div>\n\t\t\t\t\t\t<\/div>\n\t\t\t\t<\/div>\n\t\t\t\t<div class=\"elementor-element elementor-element-497c4af elementor-widget elementor-widget-trx_sc_title\" data-id=\"497c4af\" data-element_type=\"widget\" data-e-type=\"widget\" data-widget_type=\"trx_sc_title.default\">\n\t\t\t\t<div class=\"elementor-widget-container\">\n\t\t\t\t\t<div id=\"trx_sc_title_1223372361\"\n\t\tclass=\"sc_title color_style_default sc_title_default with_border\">\n<div class=\"sc_title_container  sc_align_center title_style_default with_border border_alter_color\">\n<h6 class=\"sc_item_subtitle sc_title_subtitle sc_align_center sc_item_title_style_default with_border\">100% Approved <\/h6><h2 class=\"sc_item_title sc_title_title sc_align_center sc_item_title_style_default with_border\">by Customers<\/h2><\/div>\n\n<\/div><!-- \/.sc_title -->\t\t\t\t<\/div>\n\t\t\t\t<\/div>\n\t\t\t\t<div class=\"elementor-element elementor-element-e796dc7 elementor-widget elementor-widget-spacer\" data-id=\"e796dc7\" data-element_type=\"widget\" data-e-type=\"widget\" data-widget_type=\"spacer.default\">\n\t\t\t\t<div class=\"elementor-widget-container\">\n\t\t\t\t\t\t\t<div class=\"elementor-spacer\">\n\t\t\t<div class=\"elementor-spacer-inner\"><\/div>\n\t\t<\/div>\n\t\t\t\t\t\t<\/div>\n\t\t\t\t<\/div>\n\t\t\t\t<section class=\"elementor-section elementor-inner-section elementor-element elementor-element-671e7bb1 elementor-section-boxed elementor-section-height-default elementor-section-height-default\" data-id=\"671e7bb1\" data-element_type=\"section\" data-e-type=\"section\">\n\t\t\t\t\t\t<div class=\"elementor-container elementor-column-gap-no\">\n\t\t\t\t\t<div class=\"elementor-column elementor-col-100 elementor-inner-column elementor-element elementor-element-61c35df4 sc_layouts_column_icons_position_left\" data-id=\"61c35df4\" data-element_type=\"column\" data-e-type=\"column\">\n\t\t\t<div class=\"elementor-widget-wrap elementor-element-populated\">\n\t\t\t\t\t\t<div class=\"elementor-element elementor-element-701b407d elementor-widget elementor-widget-trx_sc_testimonials\" data-id=\"701b407d\" data-element_type=\"widget\" data-e-type=\"widget\" data-widget_type=\"trx_sc_testimonials.default\">\n\t\t\t\t<div class=\"elementor-widget-container\">\n\t\t\t\t\t<div  id=\"trx_sc_testimonials_1288737315\"\t\tclass=\"sc_testimonials color_style_default sc_testimonials_default\">\n\n<div id=\"trx_sc_testimonials_1288737315_outer\" class=\"sc_testimonials_slider sc_item_slider slider_swiper_outer slider_outer slider_outer_nocontrols slider_outer_pagination slider_outer_pagination_custom slider_outer_pagination_pos_bottom slider_outer_one\">\n\t<div id=\"trx_sc_testimonials_1288737315_swiper\" class=\"slider_container swiper-slider-container slider_swiper slider_noresize slider_nocontrols slider_pagination slider_pagination_custom slider_pagination_pos_bottom slider_one\" data-slides-space=\"30\" data-slides-min-width=\"290\" data-pagination=\"custom\">\n\t\t<div class=\"slides slider-wrapper swiper-wrapper sc_item_columns_1\"><div class=\"slider-slide swiper-slide\"><div class=\"sc_testimonials_item\">\n\t<div class=\"sc_testimonials_item_content\"><p>Gerne erw\u00e4hne ich die hervorragende Kundenbetreuung, die ich w\u00e4hrend unserer Gesch\u00e4ftsvereinbarung erhalten habe, und ich hoffe, dass dies auch in Zukunft so bleibt! Vielen Dank f\u00fcr die sichere und p\u00fcnktliche Lieferung, ich sch\u00e4tze es!<\/p>\n<\/div>\n\t<div class=\"sc_testimonials_item_author\">\n\t\t\t\t\t<div class=\"sc_testimonials_item_author_avatar\"><img decoding=\"async\" width=\"90\" height=\"90\" src=\"https:\/\/stalcologistics.com\/wp-content\/uploads\/2018\/03\/test3-copyright-90x90.jpg\" class=\"attachment-ed-thumb-tiny size-ed-thumb-tiny wp-post-image\" alt=\"Peter Jones\" srcset=\"https:\/\/stalcologistics.com\/wp-content\/uploads\/2018\/03\/test3-copyright-90x90.jpg 90w, https:\/\/stalcologistics.com\/wp-content\/uploads\/2018\/03\/test3-copyright-300x300.jpg 300w, https:\/\/stalcologistics.com\/wp-content\/uploads\/2018\/03\/test3-copyright-150x150.jpg 150w, https:\/\/stalcologistics.com\/wp-content\/uploads\/2018\/03\/test3-copyright-370x370.jpg 370w, https:\/\/stalcologistics.com\/wp-content\/uploads\/2018\/03\/test3-copyright.jpg 486w\" sizes=\"(max-width: 90px) 100vw, 90px\" \/><\/div>\n\t\t\t\t<div class=\"sc_testimonials_item_author_data\">\n\t\t\t<h4 class=\"sc_testimonials_item_author_title\">Peter Jones<\/h4>\n\t\t\t<div class=\"sc_testimonials_item_author_subtitle\">Projektleite<\/div>\n\t\t<\/div>\n\t<\/div>\n<\/div>\n<\/div><div class=\"slider-slide swiper-slide\"><div class=\"sc_testimonials_item\">\n\t<div class=\"sc_testimonials_item_content\"><p>Dies ist nicht das erste Mal, dass wir es mit Ihrem Unternehmen zu tun haben, und wir k\u00f6nnen auf keinen Fall auf einen anderen Frachtlieferdienst umsteigen. Vielen Dank f\u00fcr die tollen Funktionen und Vorteile, die uns zu einem wirklich gl\u00fccklichen Kunden machen. Viel Gl\u00fcck in der Zukunft! <\/p>\n<\/div>\n\t<div class=\"sc_testimonials_item_author\">\n\t\t\t\t\t<div class=\"sc_testimonials_item_author_avatar\"><img decoding=\"async\" width=\"90\" height=\"90\" src=\"https:\/\/stalcologistics.com\/wp-content\/uploads\/2018\/03\/test2-copyright-90x90.jpg\" class=\"attachment-ed-thumb-tiny size-ed-thumb-tiny wp-post-image\" alt=\"James Morris\" srcset=\"https:\/\/stalcologistics.com\/wp-content\/uploads\/2018\/03\/test2-copyright-90x90.jpg 90w, https:\/\/stalcologistics.com\/wp-content\/uploads\/2018\/03\/test2-copyright-300x300.jpg 300w, https:\/\/stalcologistics.com\/wp-content\/uploads\/2018\/03\/test2-copyright-150x150.jpg 150w, https:\/\/stalcologistics.com\/wp-content\/uploads\/2018\/03\/test2-copyright-370x370.jpg 370w, https:\/\/stalcologistics.com\/wp-content\/uploads\/2018\/03\/test2-copyright.jpg 486w\" sizes=\"(max-width: 90px) 100vw, 90px\" \/><\/div>\n\t\t\t\t<div class=\"sc_testimonials_item_author_data\">\n\t\t\t<h4 class=\"sc_testimonials_item_author_title\">James Morris<\/h4>\n\t\t\t<div class=\"sc_testimonials_item_author_subtitle\">Produktmanager<\/div>\n\t\t<\/div>\n\t<\/div>\n<\/div>\n<\/div><div class=\"slider-slide swiper-slide\"><div class=\"sc_testimonials_item\">\n\t<div class=\"sc_testimonials_item_content\"><p>Ich habe vor einem Jahr ein Importgesch\u00e4ft gegr\u00fcndet, und obwohl ich mehrere Speditionsunternehmen kontaktierte, war es Express Delivery, das immer schnell Antworten auf meine vielen Fragen gab. Deshalb begann ich mit diesem Unternehmen zusammenarbeiten, und ich bin wirklich froh, dass ich das gemacht habe.<\/p>\n<\/div>\n\t<div class=\"sc_testimonials_item_author\">\n\t\t\t\t\t<div class=\"sc_testimonials_item_author_avatar\"><img loading=\"lazy\" decoding=\"async\" width=\"90\" height=\"90\" src=\"https:\/\/stalcologistics.com\/wp-content\/uploads\/2018\/03\/test1-copyright-90x90.jpg\" class=\"attachment-ed-thumb-tiny size-ed-thumb-tiny wp-post-image\" alt=\"Molly Cooper\" srcset=\"https:\/\/stalcologistics.com\/wp-content\/uploads\/2018\/03\/test1-copyright-90x90.jpg 90w, https:\/\/stalcologistics.com\/wp-content\/uploads\/2018\/03\/test1-copyright-300x300.jpg 300w, https:\/\/stalcologistics.com\/wp-content\/uploads\/2018\/03\/test1-copyright-150x150.jpg 150w, https:\/\/stalcologistics.com\/wp-content\/uploads\/2018\/03\/test1-copyright-370x370.jpg 370w, https:\/\/stalcologistics.com\/wp-content\/uploads\/2018\/03\/test1-copyright.jpg 486w\" sizes=\"(max-width: 90px) 100vw, 90px\" \/><\/div>\n\t\t\t\t<div class=\"sc_testimonials_item_author_data\">\n\t\t\t<h4 class=\"sc_testimonials_item_author_title\">Molly Cooper<\/h4>\n\t\t\t<div class=\"sc_testimonials_item_author_subtitle\">Leitender Manager<\/div>\n\t\t<\/div>\n\t<\/div>\n<\/div>\n<\/div><\/div><\/div><div class=\"slider_pagination_wrap swiper-pagination\"><span class=\"slider-pagination-button swiper-pagination-button\"><span class=\"custom-image-container\"><span class=\"custom-image\" style=\"background-image: url(https:\/\/stalcologistics.com\/wp-content\/uploads\/2018\/03\/test3-copyright-90x90.jpg);\"><\/span><\/span><span class=\"custom-title\"><span class=\"custom-title-name\">Peter Jones<\/span><span class=\"custom-title-subname\">Projektleite<\/span><\/span><\/span><span class=\"slider-pagination-button swiper-pagination-button\"><span class=\"custom-image-container\"><span class=\"custom-image\" style=\"background-image: url(https:\/\/stalcologistics.com\/wp-content\/uploads\/2018\/03\/test2-copyright-90x90.jpg);\"><\/span><\/span><span class=\"custom-title\"><span class=\"custom-title-name\">James Morris<\/span><span class=\"custom-title-subname\">Produktmanager<\/span><\/span><\/span><span class=\"slider-pagination-button swiper-pagination-button\"><span class=\"custom-image-container\"><span class=\"custom-image\" style=\"background-image: url(https:\/\/stalcologistics.com\/wp-content\/uploads\/2018\/03\/test1-copyright-90x90.jpg);\"><\/span><\/span><span class=\"custom-title\"><span class=\"custom-title-name\">Molly Cooper<\/span><span class=\"custom-title-subname\">Leitender Manager<\/span><\/span><\/span><\/div><\/div><\/div><!-- \/.sc_testimonials -->\t\t\t\t<\/div>\n\t\t\t\t<\/div>\n\t\t\t\t\t<\/div>\n\t\t<\/div>\n\t\t\t\t\t<\/div>\n\t\t<\/section>\n\t\t\t\t<div class=\"elementor-element elementor-element-2c4e3a23 elementor-widget elementor-widget-spacer\" data-id=\"2c4e3a23\" data-element_type=\"widget\" data-e-type=\"widget\" data-widget_type=\"spacer.default\">\n\t\t\t\t<div class=\"elementor-widget-container\">\n\t\t\t\t\t\t\t<div class=\"elementor-spacer\">\n\t\t\t<div class=\"elementor-spacer-inner\"><\/div>\n\t\t<\/div>\n\t\t\t\t\t\t<\/div>\n\t\t\t\t<\/div>\n\t\t\t\t\t<\/div>\n\t\t<\/div>\n\t\t\t\t\t<\/div>\n\t\t<\/section>\n\t\t\t\t<section class=\"elementor-section elementor-top-section elementor-element elementor-element-10efb9f6 elementor-section-boxed elementor-section-height-default elementor-section-height-default\" data-id=\"10efb9f6\" data-element_type=\"section\" data-e-type=\"section\">\n\t\t\t\t\t\t<div class=\"elementor-container elementor-column-gap-no\">\n\t\t\t\t\t<div class=\"elementor-column elementor-col-100 elementor-top-column elementor-element elementor-element-2638ee73 sc_layouts_column_icons_position_left\" data-id=\"2638ee73\" data-element_type=\"column\" data-e-type=\"column\">\n\t\t\t<div class=\"elementor-widget-wrap elementor-element-populated\">\n\t\t\t\t\t\t<div class=\"elementor-element elementor-element-6cc4e125 elementor-widget elementor-widget-spacer\" data-id=\"6cc4e125\" data-element_type=\"widget\" data-e-type=\"widget\" data-widget_type=\"spacer.default\">\n\t\t\t\t<div class=\"elementor-widget-container\">\n\t\t\t\t\t\t\t<div class=\"elementor-spacer\">\n\t\t\t<div class=\"elementor-spacer-inner\"><\/div>\n\t\t<\/div>\n\t\t\t\t\t\t<\/div>\n\t\t\t\t<\/div>\n\t\t\t\t<div class=\"elementor-element elementor-element-447c54d8 elementor-widget elementor-widget-trx_sc_title\" data-id=\"447c54d8\" data-element_type=\"widget\" data-e-type=\"widget\" data-widget_type=\"trx_sc_title.default\">\n\t\t\t\t<div class=\"elementor-widget-container\">\n\t\t\t\t\t<div id=\"trx_sc_title_1660039124\"\n\t\tclass=\"sc_title color_style_default sc_title_default with_border\">\n<div class=\"sc_title_container  sc_align_center title_style_default with_border\">\n<h6 class=\"sc_item_subtitle sc_title_subtitle sc_align_center sc_item_title_style_default with_border\">Our <\/h6><h2 class=\"sc_item_title sc_title_title sc_align_center sc_item_title_style_default with_border\">Advantages<\/h2><\/div>\n\n<div class=\"sc_item_descr sc_title_descr sc_align_center\"><p>From booking to communications to payment, Express Delivery helps you transport freight faster, cheaper, safer, and easier so you can stay focused on your business<\/p>\n<\/div><\/div><!-- \/.sc_title -->\t\t\t\t<\/div>\n\t\t\t\t<\/div>\n\t\t\t\t<div class=\"elementor-element elementor-element-40c9d2 elementor-widget elementor-widget-spacer\" data-id=\"40c9d2\" data-element_type=\"widget\" data-e-type=\"widget\" data-widget_type=\"spacer.default\">\n\t\t\t\t<div class=\"elementor-widget-container\">\n\t\t\t\t\t\t\t<div class=\"elementor-spacer\">\n\t\t\t<div class=\"elementor-spacer-inner\"><\/div>\n\t\t<\/div>\n\t\t\t\t\t\t<\/div>\n\t\t\t\t<\/div>\n\t\t\t\t\t<\/div>\n\t\t<\/div>\n\t\t\t\t\t<\/div>\n\t\t<\/section>\n\t\t\t\t<section class=\"elementor-section elementor-top-section elementor-element elementor-element-513f5754 elementor-section-boxed elementor-section-height-default elementor-section-height-default\" data-id=\"513f5754\" data-element_type=\"section\" data-e-type=\"section\">\n\t\t\t\t\t\t<div class=\"elementor-container elementor-column-gap-no\">\n\t\t\t\t\t<div class=\"elementor-column elementor-col-100 elementor-top-column elementor-element elementor-element-3c97a68a sc_layouts_column_icons_position_left\" data-id=\"3c97a68a\" data-element_type=\"column\" data-e-type=\"column\">\n\t\t\t<div class=\"elementor-widget-wrap elementor-element-populated\">\n\t\t\t\t\t\t<div class=\"elementor-element elementor-element-135ba2b8 elementor-widget elementor-widget-trx_sc_icons\" data-id=\"135ba2b8\" data-element_type=\"widget\" data-e-type=\"widget\" data-widget_type=\"trx_sc_icons.default\">\n\t\t\t\t<div class=\"elementor-widget-container\">\n\t\t\t\t\t<div id=\"trx_sc_icons_2142109501\" \r\n\tclass=\"sc_icons sc_icons_alter sc_icons_size_medium sc_align_left\">\n\n<div class=\"sc_icons_columns_wrap sc_item_columns trx_addons_columns_wrap columns_padding_bottom\"><div class=\"trx_addons_column-1_3\"><div class=\"sc_icons_item\"><div id=\"trx_sc_icons_2142109501_icon-tracking\" class=\"sc_icons_icon sc_icon_type_ icon-tracking\"\r\n\t\t\t\t\t\t\t\t\t\t><\/div>\t\t\t\t<div class=\"sc_icons_item_container\">\r\n\t\t\t\t<h4 class=\"sc_icons_item_title\"><span>Best Logistics<\/span><\/h4><div class=\"sc_icons_item_description\"><span><\/span><span>We provide the best logistic service on the market, all over the globe.<\/span><\/div>\t\t\t\t<\/div>\r\n\t\t\t\t<\/div><\/div><div class=\"trx_addons_column-1_3\"><div class=\"sc_icons_item\"><div id=\"trx_sc_icons_2142109501_icon-package\" class=\"sc_icons_icon sc_icon_type_ icon-package\"\r\n\t\t\t\t\t\t\t\t\t\t><\/div>\t\t\t\t<div class=\"sc_icons_item_container\">\r\n\t\t\t\t<h4 class=\"sc_icons_item_title\"><span>Cargo security<\/span><\/h4><div class=\"sc_icons_item_description\"><span>Our clients get 100% guarantee for secure shipping & handling.<\/span><\/div>\t\t\t\t<\/div>\r\n\t\t\t\t<\/div><\/div><div class=\"trx_addons_column-1_3\"><div class=\"sc_icons_item\"><div id=\"trx_sc_icons_2142109501_icon-operator\" class=\"sc_icons_icon sc_icon_type_ icon-operator\"\r\n\t\t\t\t\t\t\t\t\t\t><\/div>\t\t\t\t<div class=\"sc_icons_item_container\">\r\n\t\t\t\t<h4 class=\"sc_icons_item_title\"><span>24 Hours Support<\/span><\/h4><div class=\"sc_icons_item_description\"><span>In case if you have an inquiry,or an urgent question, our support is there.<\/span><\/div>\t\t\t\t<\/div>\r\n\t\t\t\t<\/div><\/div><div class=\"trx_addons_column-1_3\"><div class=\"sc_icons_item\"><div id=\"trx_sc_icons_2142109501_icon-calendar-1\" class=\"sc_icons_icon sc_icon_type_ icon-calendar-1\"\r\n\t\t\t\t\t\t\t\t\t\t><\/div>\t\t\t\t<div class=\"sc_icons_item_container\">\r\n\t\t\t\t<h4 class=\"sc_icons_item_title\"><span>In-time Delivery<\/span><\/h4><div class=\"sc_icons_item_description\"><span>We know how to make it in time and set the right terms for deliveries.<\/span><\/div>\t\t\t\t<\/div>\r\n\t\t\t\t<\/div><\/div><div class=\"trx_addons_column-1_3\"><div class=\"sc_icons_item\"><div id=\"trx_sc_icons_2142109501_icon-payment-method\" class=\"sc_icons_icon sc_icon_type_ icon-payment-method\"\r\n\t\t\t\t\t\t\t\t\t\t><\/div>\t\t\t\t<div class=\"sc_icons_item_container\">\r\n\t\t\t\t<h4 class=\"sc_icons_item_title\"><span>Any Payment Method<\/span><\/h4><div class=\"sc_icons_item_description\"><span>All payment methods are acceptable for ordering our services.<\/span><\/div>\t\t\t\t<\/div>\r\n\t\t\t\t<\/div><\/div><div class=\"trx_addons_column-1_3\"><div class=\"sc_icons_item\"><div id=\"trx_sc_icons_2142109501_icon-barcode\" class=\"sc_icons_icon sc_icon_type_ icon-barcode\"\r\n\t\t\t\t\t\t\t\t\t\t><\/div>\t\t\t\t<div class=\"sc_icons_item_container\">\r\n\t\t\t\t<h4 class=\"sc_icons_item_title\"><span>Cargo Tracking<\/span><\/h4><div class=\"sc_icons_item_description\"><span>Track all your shipments online using the tracking form and ID.<\/span><\/div>\t\t\t\t<\/div>\r\n\t\t\t\t<\/div><\/div><\/div><\/div><!-- \/.sc_icons -->\t\t\t\t<\/div>\n\t\t\t\t<\/div>\n\t\t\t\t<div class=\"elementor-element elementor-element-11ffc24b elementor-widget elementor-widget-spacer\" data-id=\"11ffc24b\" data-element_type=\"widget\" data-e-type=\"widget\" data-widget_type=\"spacer.default\">\n\t\t\t\t<div class=\"elementor-widget-container\">\n\t\t\t\t\t\t\t<div class=\"elementor-spacer\">\n\t\t\t<div class=\"elementor-spacer-inner\"><\/div>\n\t\t<\/div>\n\t\t\t\t\t\t<\/div>\n\t\t\t\t<\/div>\n\t\t\t\t\t<\/div>\n\t\t<\/div>\n\t\t\t\t\t<\/div>\n\t\t<\/section>\n\t\t\t\t<\/div>\n\t\t","protected":false},"excerpt":{"rendered":"<p>Welcome to the Best Company Freight transport is the physical process of transporting commodities and merchandise goods and cargo. The term shipping originally referred to transport by sea, but is extended in English to refer to transport by&hellip;<\/p>\n","protected":false},"author":1,"featured_media":0,"parent":0,"menu_order":0,"comment_status":"closed","ping_status":"closed","template":"","meta":{"footnotes":""},"class_list":["post-1903","page","type-page","status-publish","hentry"],"_links":{"self":[{"href":"https:\/\/stalcologistics.com\/index.php\/wp-json\/wp\/v2\/pages\/1903","targetHints":{"allow":["GET"]}}],"collection":[{"href":"https:\/\/stalcologistics.com\/index.php\/wp-json\/wp\/v2\/pages"}],"about":[{"href":"https:\/\/stalcologistics.com\/index.php\/wp-json\/wp\/v2\/types\/page"}],"author":[{"embeddable":true,"href":"https:\/\/stalcologistics.com\/index.php\/wp-json\/wp\/v2\/users\/1"}],"replies":[{"embeddable":true,"href":"https:\/\/stalcologistics.com\/index.php\/wp-json\/wp\/v2\/comments?post=1903"}],"version-history":[{"count":0,"href":"https:\/\/stalcologistics.com\/index.php\/wp-json\/wp\/v2\/pages\/1903\/revisions"}],"wp:attachment":[{"href":"https:\/\/stalcologistics.com\/index.php\/wp-json\/wp\/v2\/media?parent=1903"}],"curies":[{"name":"wp","href":"https:\/\/api.w.org\/{rel}","templated":true}]}}